{"id":29,"date":"2025-11-02T23:56:05","date_gmt":"2025-11-02T23:56:05","guid":{"rendered":"https:\/\/swiatbezchemii.pl\/?page_id=29"},"modified":"2025-12-18T04:21:52","modified_gmt":"2025-12-18T04:21:52","slug":"o-nas","status":"publish","type":"page","link":"https:\/\/swiatbezchemii.pl\/?page_id=29","title":{"rendered":"O nas"},"content":{"rendered":"\t\t<div data-elementor-type=\"wp-page\" data-elementor-id=\"29\" class=\"elementor elementor-29\">\n\t\t\t\t<div class=\"elementor-element elementor-element-15578109 e-flex e-con-boxed e-con e-parent\" data-id=\"15578109\" data-element_type=\"container\">\n\t\t\t\t\t<div class=\"e-con-inner\">\n\t\t\t\t<div class=\"elementor-element elementor-element-4d9b83d0 elementor-widget elementor-widget-text-editor\" data-id=\"4d9b83d0\" data-element_type=\"widget\" data-widget_type=\"text-editor.default\">\n\t\t\t\t\t\t\t\t\t\n<h3 class=\"wp-block-heading\"><strong>\u201e\u015awiat bez chemii to nie trend. To kierunek.\u201d<\/strong><\/h3>\n\n<p>Wierzymy, \u017ce zmiana zaczyna si\u0119 w naszych domach<\/p>\n\n<p>\u2014 w codziennych wyborach, kt\u00f3re wp\u0142ywaj\u0105 na zdrowie,<\/p>\n\n<p>samopoczucie i \u015brodowisko<\/p>\n\n<figure class=\"wp-block-image size-large is-resized\"><img fetchpriority=\"high\" decoding=\"async\" width=\"1024\" height=\"576\" class=\"wp-image-182\" style=\"width: 281px; height: auto;\" src=\"https:\/\/swiatbezchemii.pl\/wp-content\/uploads\/2025\/11\/3-1024x576.png\" alt=\"\" srcset=\"https:\/\/swiatbezchemii.pl\/wp-content\/uploads\/2025\/11\/3-1024x576.png 1024w, https:\/\/swiatbezchemii.pl\/wp-content\/uploads\/2025\/11\/3-300x169.png 300w, https:\/\/swiatbezchemii.pl\/wp-content\/uploads\/2025\/11\/3-768x432.png 768w, https:\/\/swiatbezchemii.pl\/wp-content\/uploads\/2025\/11\/3.png 1366w\" sizes=\"(max-width: 1024px) 100vw, 1024px\" \/><\/figure>\n\n<p>\u015awiat bez chemii to nie chwilowa moda,<\/p>\n\n<p>lecz \u015bwiadoma droga do \u017cycia bardziej naturalnego,<\/p>\n\n<p>bezpiecznego i odpowiedzialnego.<br \/>Tworzymy przestrze\u0144, kt\u00f3ra uczy, inspiruje i pokazuje, \u017ce mo\u017cna sprz\u0105ta\u0107 skutecznie, a jednocze\u015bnie dba\u0107 o siebie, bliskich i planet\u0119. To styl \u017cycia, kt\u00f3ry zostaje na lata.<\/p>\n\n<p>\u00a0<\/p>\n\t\t\t\t\t\t\t\t<\/div>\n\t\t<div class=\"elementor-element elementor-element-9b6789f e-con-full e-flex e-con e-child\" data-id=\"9b6789f\" data-element_type=\"container\">\n\t\t\t\t<\/div>\n\t\t\t\t\t<\/div>\n\t\t\t\t<\/div>\n\t\t<div class=\"elementor-element elementor-element-82512fd e-con-full e-flex e-con e-parent\" data-id=\"82512fd\" data-element_type=\"container\">\n\t\t\t\t<div class=\"elementor-element elementor-element-1b25780 elementor-widget elementor-widget-text-editor\" data-id=\"1b25780\" data-element_type=\"widget\" data-widget_type=\"text-editor.default\">\n\t\t\t\t\t\t\t\t\t<h1>\u015awiat bez chemii zaczyna si\u0119 w domu<\/h1>\n<p>\u00a0<\/p>\n<h3>Dom to miejsce, w kt\u00f3rym chcemy czu\u0107 si\u0119 bezpiecznie. Dlatego zaczynamy od eliminowania zb\u0119dnej chemii i wybierania rozwi\u0105za\u0144, kt\u00f3re s\u0105 dobre dla ludzi, zwierz\u0105t i natury.<\/h3>\n<p>\u00a0<\/p>\n<h2>\u00a0<\/h2>\t\t\t\t\t\t\t\t<\/div>\n\t\t\t\t<\/div>\n\t\t\t\t<\/div>\n\t\t","protected":false},"excerpt":{"rendered":"<p>\u201e\u015awiat bez chemii to nie trend. To kierunek.\u201d Wierzymy, \u017ce zmiana zaczyna si\u0119 w naszych domach \u2014 w codziennych wyborach, kt\u00f3re wp\u0142ywaj\u0105 na zdrowie, samopoczucie i \u015brodowisko \u015awiat bez chemii to nie chwilowa moda, lecz \u015bwiadoma droga do \u017cycia bardziej naturalnego, bezpiecznego i odpowiedzialnego.Tworzymy przestrze\u0144, kt\u00f3ra uczy, inspiruje i pokazuje, \u017ce mo\u017cna sprz\u0105ta\u0107 skutecznie, a [&hellip;]<\/p>\n","protected":false},"author":1,"featured_media":0,"parent":0,"menu_order":0,"comment_status":"closed","ping_status":"closed","template":"","meta":{"footnotes":""},"class_list":["post-29","page","type-page","status-publish","hentry"],"_links":{"self":[{"href":"https:\/\/swiatbezchemii.pl\/index.php?rest_route=\/wp\/v2\/pages\/29","targetHints":{"allow":["GET"]}}],"collection":[{"href":"https:\/\/swiatbezchemii.pl\/index.php?rest_route=\/wp\/v2\/pages"}],"about":[{"href":"https:\/\/swiatbezchemii.pl\/index.php?rest_route=\/wp\/v2\/types\/page"}],"author":[{"embeddable":true,"href":"https:\/\/swiatbezchemii.pl\/index.php?rest_route=\/wp\/v2\/users\/1"}],"replies":[{"embeddable":true,"href":"https:\/\/swiatbezchemii.pl\/index.php?rest_route=%2Fwp%2Fv2%2Fcomments&post=29"}],"version-history":[{"count":10,"href":"https:\/\/swiatbezchemii.pl\/index.php?rest_route=\/wp\/v2\/pages\/29\/revisions"}],"predecessor-version":[{"id":268,"href":"https:\/\/swiatbezchemii.pl\/index.php?rest_route=\/wp\/v2\/pages\/29\/revisions\/268"}],"wp:attachment":[{"href":"https:\/\/swiatbezchemii.pl\/index.php?rest_route=%2Fwp%2Fv2%2Fmedia&parent=29"}],"curies":[{"name":"wp","href":"https:\/\/api.w.org\/{rel}","templated":true}]}}